
{"id":1611,"date":"2018-03-24T13:30:58","date_gmt":"2018-03-24T12:30:58","guid":{"rendered":"http:\/\/igbce-marburg.de\/?page_id=1611"},"modified":"2020-07-06T20:01:24","modified_gmt":"2020-07-06T18:01:24","slug":"gewerkschafter-treffen-auf-lokalpolitiker-zu-gast-die-fraktion-buendnis-90-die-gruenen-marburg","status":"publish","type":"page","link":"https:\/\/igbce-marburg.de\/?page_id=1611","title":{"rendered":"Gewerkschafter treffen auf Lokalpolitiker zu Gast bei der Fraktion B\u00dcNDNIS 90 \/ DIE GR\u00dcNEN Marburg"},"content":{"rendered":"<div>F\u00fcr den Monat M\u00e4rz 2018 hat der Vorstand der IGBCE Ortsgruppe Marburg die Fraktion B\u00dcNDNIS 90 \/ DIE GR\u00dcNEN Marburg zu einem Gespr\u00e4ch eingeladen, welches dann final in der Gesch\u00e4ftsstelle der Gr\u00fcnen umgesetzt werden konnte.<br \/>\nDurch den Weg vom Behringstandort in die Frankfurter Stra\u00dfe 46 wurde uns die Tragweite der Diskussion mit Lokalpolitikern deutlich vor Augen gef\u00fchrt. Stau in der Ketzerbach bis zur Bahnhofsstra\u00dfe, Stau in Ockershausen bis zur Konrad-Adenauer-Br\u00fccke \u2013 normaler Alltag am Feierabend in Marburg. Nat\u00fcrlich wurde die Situation durch die Sperrung der Weidenh\u00e4user Br\u00fccke noch deutlicher versch\u00e4rft.<\/div>\n<div><img loading=\"lazy\" decoding=\"async\" src=\"http:\/\/igbce-marburg.de\/wp-content\/uploads\/2018\/03\/IGBCE_OG_GRUENE_Bild01.jpg\" alt=\"[Bild 01]\" width=\"291\" height=\"221\" align=\"left\" border=\"0\" hspace=\"10\" \/><\/div>\n<div>Das Startthema mit dem Frak-<\/div>\n<div>tionsvorsitzenden Dietmar G\u00f6ttling, seinem Stellvertreter Hans-Werner Seitz, den Mit-<\/div>\n<div>gliedern des Bau- und Pla-<\/div>\n<div>nungsausschusses Marco Nezi und Christian Schmidt und Dr. Christa Perabo als Mitglied im Ausschuss f\u00fcr Soziales war damit schnell gefunden. Seitens der IGBCE stellten Dieter Merte und R\u00fcdiger Woelke die Situation des (nicht vorhandenen) Radwegenetzes zum Behring-Standort vor. Welche Sofortma\u00dfnahmen sind machbar, was kann mittelfristig schnell und einfach umgesetzt werden und was muss grunds\u00e4tzlich im Planungsausschuss f\u00fcr die Infrastruktur des Radwegenetzes gekl\u00e4rt und angepackt werden. Schnell waren alle Teilnehmer in dieser Diskussion vertieft \u2013 sehr sachlich und konstruktiv.<\/div>\n<div>Jens Thomas f\u00fchrte in den zweiten Teil des Gespr\u00e4ches zum \u00d6PNV ein und fragte die praktische Umsetzung von Expressbussen zum Behring-Standort an. Durch die Verdichtung und der Arbeit mit oft l\u00e4ngeren Arbeitstagen kann die Attraktivit\u00e4t des Busfahrens nur bedeuten, dass die Kolleginnen und Kollegen schnell an wenige, definierte Haltestellen in die Stadt oder direkt zu Gro\u00dfparkpl\u00e4tzen vor Marburgs Toren transportiert werden sollten. Dieses Park&amp;Ride-Konzept mit dem Abstellen des Autos und den Transport zum Standort wurde wohl in der Vergangenheit diskutiert, aber in der Konsequenz nicht final weiter ernsthaft verfolgt.<br \/>\nHier stellt Manfred Isenberg die deutliche Forderung an die Lokalpolitiker, zuk\u00fcnftig die Arbeitnehmervertreter und Gewerkschafter in grunds\u00e4tzliche Verkehrsplanungen einzubinden. Der Lenkungsausschuss Behringwerke, den der Oberb\u00fcrgermeister im Jahr 2017 konstituiert hat, w\u00e4re ein gutes Beispiel, die gew\u00e4hlten Vertreter der Behringbelegschaft hier mit in das Boot zu nehmen. Die Planungen der Stadtwerke einen Expressbus vom Messeplatz \u00fcber das Lahntal zum Behring-Standort einzusetzen sind sicherlich grunds\u00e4tzlich die richtigen Ma\u00dfnahmen. Nur jetzt sitzen die Stadtwerke und der Magistrat vor der Fragestellung, warum dieser Bus kaum frequentiert wird.<br \/>\nGut gedacht, bedeutet aber nicht immer gut gemacht!<br \/>\nMit einer langfristigen Einbindung der Belegschaftsvertreter in \u00e4hnliche Planungen w\u00e4re dieser erste Ansatz f\u00fcr Direktanbindungen des Stadtortes nicht ein Reinfall geworden.<\/div>\n<div style=\"text-align: left;\">Am Ende des Tages haben beide Seiten vieles voneinander lernen k\u00f6nnen, wobei nicht nur Sachwissen ausgetauscht, sondern auch eine gute Gespr\u00e4chsatmosph\u00e4re geschaffen wurde.<br \/>\nDie Frage des Fraktionsvorsitzenden G\u00f6ttling nach einem weiteren Termin im Sommer wurde daher einstimmig von allen Teilnehmern bejaht.<\/div>\n<div style=\"text-align: left;\"><\/div>\n<div style=\"text-align: right;\"><em>Manfred Isenberg, 14. M\u00e4rz 2018<\/em><\/div>\n","protected":false},"excerpt":{"rendered":"<p>F\u00fcr den Monat M\u00e4rz 2018 hat der Vorstand der IGBCE Ortsgruppe Marburg die Fraktion B\u00dcNDNIS 90 \/ DIE GR\u00dcNEN Marburg zu einem Gespr\u00e4ch eingeladen, welches dann final in der Gesch\u00e4ftsstelle der Gr\u00fcnen umgesetzt werden konnte. Durch den Weg vom Behringstandort <a class=\"more-link\" href=\"https:\/\/igbce-marburg.de\/?page_id=1611\">weiterlesen  <span class=\"screen-reader-text\">  Gewerkschafter treffen auf Lokalpolitiker zu Gast bei der Fraktion B\u00dcNDNIS 90 \/ DIE GR\u00dcNEN Marburg<\/span><span class=\"meta-nav\">&rarr;<\/span><\/a><\/p>\n","protected":false},"author":438,"featured_media":0,"parent":1790,"menu_order":6,"comment_status":"closed","ping_status":"closed","template":"","meta":{"footnotes":""},"class_list":["post-1611","page","type-page","status-publish","hentry"],"_links":{"self":[{"href":"https:\/\/igbce-marburg.de\/index.php?rest_route=\/wp\/v2\/pages\/1611","targetHints":{"allow":["GET"]}}],"collection":[{"href":"https:\/\/igbce-marburg.de\/index.php?rest_route=\/wp\/v2\/pages"}],"about":[{"href":"https:\/\/igbce-marburg.de\/index.php?rest_route=\/wp\/v2\/types\/page"}],"author":[{"embeddable":true,"href":"https:\/\/igbce-marburg.de\/index.php?rest_route=\/wp\/v2\/users\/438"}],"replies":[{"embeddable":true,"href":"https:\/\/igbce-marburg.de\/index.php?rest_route=%2Fwp%2Fv2%2Fcomments&post=1611"}],"version-history":[{"count":9,"href":"https:\/\/igbce-marburg.de\/index.php?rest_route=\/wp\/v2\/pages\/1611\/revisions"}],"predecessor-version":[{"id":1622,"href":"https:\/\/igbce-marburg.de\/index.php?rest_route=\/wp\/v2\/pages\/1611\/revisions\/1622"}],"up":[{"embeddable":true,"href":"https:\/\/igbce-marburg.de\/index.php?rest_route=\/wp\/v2\/pages\/1790"}],"wp:attachment":[{"href":"https:\/\/igbce-marburg.de\/index.php?rest_route=%2Fwp%2Fv2%2Fmedia&parent=1611"}],"curies":[{"name":"wp","href":"https:\/\/api.w.org\/{rel}","templated":true}]}}