
{"id":1794,"date":"2018-10-24T21:43:43","date_gmt":"2018-10-24T19:43:43","guid":{"rendered":"http:\/\/igbce-marburg.de\/?page_id=1794"},"modified":"2025-02-12T12:03:16","modified_gmt":"2025-02-12T11:03:16","slug":"jav-jugend-arbeitnehmer-vertretung","status":"publish","type":"page","link":"https:\/\/igbce-marburg.de\/?page_id=1794","title":{"rendered":"JAV (Jugend Auszubilden Vertretung)"},"content":{"rendered":"<p>Was ist eine Jugend Auszubildendenvertretung (JAV) ?<br \/>\nLink zum Video [<a href=\"http:\/\/www.youtube.com\/watch?v=9-keGjWVOVc\" target=\"_blank\" rel=\"noopener\">JAV<\/a>]<\/p>\n<p><strong>Nachwuchsf\u00f6rderung und JAV-Arbeit<\/strong><\/p>\n<p>Da der demografische Wandel auch vor den Betriebsratsgremien nicht haltmacht, hat das Thema Nachwuchsf\u00f6rderung in der Arbeit der IG BCE einen hohen Stellenwert. Sie unterst\u00fctzt Aktive dabei, neue Talente zu finden, zu entwickeln und in das Ehrenamt zu f\u00fchren \u2013 etwa mit einem Nachwuchsprogramm.<\/p>\n<p>Auch die Arbeit der Jugend- und Auszubildendenvertretungen (JAVen) ist in diesem Zusammenhang sehr wichtig. Insbesondere in der Jugendarbeit ist sie von hoher strategischer Bedeutung. Die JAVen haben 65 Prozent der Neuanf\u00e4nger*innen von der IG BCE \u00fcberzeugt. Inhaltlich hat die IG-BCE-Jugend in den vergangenen Jahren zwei bundesweite JAV-Konferenzen erfolgreich durchgef\u00fchrt. Im Jahr 2020 stand, bedingt durch die gro\u00dfen Herausforderungen im Zusammenhang mit der Corona-Pandemie, das Krisenmanagement zur Sicherung der Ausbildungsqualit\u00e4t im Mittelpunkt der Arbeit. Schnell wurden L\u00f6sungen und Rahmenbedingungen und digitale Qualifizierungsangebote f\u00fcr die im Jahr 2020 neu gew\u00e4hlten JAVen entwickelt.<\/p>\n<p>Die Freizeitheim- und Jugenderholungsgesellschaft mbH (Fejo) war auch in den vergangenen Jahren eine Erfolgsgeschichte. Sie feierte im Jahr 2018 ihr 60-j\u00e4hriges Bestehen. Kontinuierlich entwickelt sie ihr Angebot weiter. Etliche neue Reiseziele wurden erfolgreich getestet und in das Angebot integriert.<\/p>\n<p>Die Ortsgruppe Marburg unterst\u00fctzt die <strong>JAV-Arbeit\u00a0<\/strong>ihr k\u00f6nnt euch an den OG-Vorstand wenden.<\/p>\n<p>Hier k\u00f6nnten Informationen der JAV in der Ortsgruppe Marburg stehen.<\/p>\n","protected":false},"excerpt":{"rendered":"<p>Was ist eine Jugend Auszubildendenvertretung (JAV) ? Link zum Video [JAV] Nachwuchsf\u00f6rderung und JAV-Arbeit Da der demografische Wandel auch vor den Betriebsratsgremien nicht haltmacht, hat das Thema Nachwuchsf\u00f6rderung in der Arbeit der IG BCE einen hohen Stellenwert. Sie unterst\u00fctzt Aktive <a class=\"more-link\" href=\"https:\/\/igbce-marburg.de\/?page_id=1794\">weiterlesen  <span class=\"screen-reader-text\">  JAV (Jugend Auszubilden Vertretung)<\/span><span class=\"meta-nav\">&rarr;<\/span><\/a><\/p>\n","protected":false},"author":9,"featured_media":0,"parent":0,"menu_order":0,"comment_status":"closed","ping_status":"closed","template":"","meta":{"footnotes":""},"class_list":["post-1794","page","type-page","status-publish","hentry"],"_links":{"self":[{"href":"https:\/\/igbce-marburg.de\/index.php?rest_route=\/wp\/v2\/pages\/1794","targetHints":{"allow":["GET"]}}],"collection":[{"href":"https:\/\/igbce-marburg.de\/index.php?rest_route=\/wp\/v2\/pages"}],"about":[{"href":"https:\/\/igbce-marburg.de\/index.php?rest_route=\/wp\/v2\/types\/page"}],"author":[{"embeddable":true,"href":"https:\/\/igbce-marburg.de\/index.php?rest_route=\/wp\/v2\/users\/9"}],"replies":[{"embeddable":true,"href":"https:\/\/igbce-marburg.de\/index.php?rest_route=%2Fwp%2Fv2%2Fcomments&post=1794"}],"version-history":[{"count":7,"href":"https:\/\/igbce-marburg.de\/index.php?rest_route=\/wp\/v2\/pages\/1794\/revisions"}],"predecessor-version":[{"id":2513,"href":"https:\/\/igbce-marburg.de\/index.php?rest_route=\/wp\/v2\/pages\/1794\/revisions\/2513"}],"wp:attachment":[{"href":"https:\/\/igbce-marburg.de\/index.php?rest_route=%2Fwp%2Fv2%2Fmedia&parent=1794"}],"curies":[{"name":"wp","href":"https:\/\/api.w.org\/{rel}","templated":true}]}}