
{"id":2315,"date":"2023-12-12T20:57:14","date_gmt":"2023-12-12T19:57:14","guid":{"rendered":"https:\/\/igbce-marburg.de\/?page_id=2315"},"modified":"2025-02-12T11:47:16","modified_gmt":"2025-02-12T10:47:16","slug":"ausflug-zum-erfurter-weihnachtsmarkt","status":"publish","type":"page","link":"https:\/\/igbce-marburg.de\/?page_id=2315","title":{"rendered":"Ausfl\u00fcge zum Weihnachtsmarkt"},"content":{"rendered":"\n<p><strong>2024 Ausflug zum Weihnachtsmarkt in Eisenach<\/strong><\/p>\n\n\n\n<figure class=\"wp-block-image size-full is-resized\"><a href=\"https:\/\/igbce-marburg.de\/wp-content\/uploads\/2025\/02\/Marktstand-1.jpg\"><img loading=\"lazy\" decoding=\"async\" width=\"635\" height=\"736\" src=\"https:\/\/igbce-marburg.de\/wp-content\/uploads\/2025\/02\/Marktstand-1.jpg\" alt=\"\" class=\"wp-image-2500\" style=\"width:359px;height:auto\" srcset=\"https:\/\/igbce-marburg.de\/wp-content\/uploads\/2025\/02\/Marktstand-1.jpg 635w, https:\/\/igbce-marburg.de\/wp-content\/uploads\/2025\/02\/Marktstand-1-259x300.jpg 259w\" sizes=\"auto, (max-width: 635px) 100vw, 635px\" \/><\/a><\/figure>\n\n\n\n<p>Am 07.Dezember 2024 um 10:00 Uhr startete die IGBCE Ortsgruppe Marburg mit zwei Bussen zum Ausflug nach Eisenach. Ziel war der 174. stimmungsvolle Eisenacher Weihnachtsmarkt, der sich quer \u00fcber die historische Altstadt erstreckt. Vom Domplatz \u00fcber den Fischmarkt, die Schl\u00f6sserbr\u00fccke, den Anger bis zum Willy-Brandt-Platz bieten H\u00e4ndlerinnen und H\u00e4ndler in mehr als 200 Holzh\u00e4usern alles an, was zum Advent und zum Weihnachtsfest geh\u00f6rt.<\/p>\n\n\n\n<p>Die OG besuchte auch den traditionelle &#8220;Historische Weihnachtsmarkt auf der Wartburg&#8221;, dieser versetzt seine G\u00e4ste in die Welt des historischen Handels mit altehrw\u00fcrdiger, schon fast vergessenen Handwerksk\u00fcnsten. F\u00fcr den &#8220;Wegezoll&#8221; standen nicht nur die Burgh\u00f6fe, sondern auch der Festsaal, das Museum und die ber\u00fchmte Lutherstube zur Besichtigung offen. Bei einem gef\u00fchrten Rundgang durch den mittelalterlichen Palas konnten wir die Romantische Adventsstimmung in historischen Mauern genie\u00dfen. Der S\u00fcdturm und der m\u00e4rchenhaften Blick \u00fcber die winterliche Landschaft des Th\u00fcringer Waldes war traumhaft.<\/p>\n\n\n\n<figure class=\"wp-block-image size-full is-resized\"><a href=\"https:\/\/igbce-marburg.de\/wp-content\/uploads\/2025\/02\/2024Weihnachtsm-1.jpg\"><img loading=\"lazy\" decoding=\"async\" width=\"240\" height=\"320\" src=\"https:\/\/igbce-marburg.de\/wp-content\/uploads\/2025\/02\/2024Weihnachtsm-1.jpg\" alt=\"\" class=\"wp-image-2504\" style=\"width:359px;height:auto\" srcset=\"https:\/\/igbce-marburg.de\/wp-content\/uploads\/2025\/02\/2024Weihnachtsm-1.jpg 240w, https:\/\/igbce-marburg.de\/wp-content\/uploads\/2025\/02\/2024Weihnachtsm-1-225x300.jpg 225w\" sizes=\"auto, (max-width: 240px) 100vw, 240px\" \/><\/a><\/figure>\n\n\n\n<p><\/p>\n\n\n\n<p><strong>2023 Ausflug zum Erfurter Weihnachtsmarkt<\/strong><\/p>\n\n\n\n<p>Am 02.Dezember 2023 startete die IGBCE Ortsgruppe Marburg mit zwei Bussen zu einem Ausflug in die th\u00fcringische Landeshauptstadt Erfurt. Ziel war der 173. Erfurter Weihnachtsmarkt, dessen Kern sich auf dem Domplatz befindet. Mit ihrem romantischen Charme \u00fcberragen Mariendom und Severikirche den Weihnachtsmarkt und bilden daf\u00fcr die ideale Kulisse.<\/p>\n\n\n<div class=\"wp-block-image\">\n<figure class=\"alignleft size-medium\"><img loading=\"lazy\" decoding=\"async\" width=\"224\" height=\"300\" src=\"https:\/\/igbce-marburg.de\/wp-content\/uploads\/2023\/12\/Erfurt2_60-224x300.jpg\" alt=\"\" class=\"wp-image-2314\" srcset=\"https:\/\/igbce-marburg.de\/wp-content\/uploads\/2023\/12\/Erfurt2_60-224x300.jpg 224w, https:\/\/igbce-marburg.de\/wp-content\/uploads\/2023\/12\/Erfurt2_60-766x1024.jpg 766w, https:\/\/igbce-marburg.de\/wp-content\/uploads\/2023\/12\/Erfurt2_60-768x1027.jpg 768w, https:\/\/igbce-marburg.de\/wp-content\/uploads\/2023\/12\/Erfurt2_60-1149x1536.jpg 1149w, https:\/\/igbce-marburg.de\/wp-content\/uploads\/2023\/12\/Erfurt2_60-1532x2048.jpg 1532w, https:\/\/igbce-marburg.de\/wp-content\/uploads\/2023\/12\/Erfurt2_60.jpg 1795w\" sizes=\"auto, (max-width: 224px) 100vw, 224px\" \/><\/figure><\/div>\n\n\n<p>Los ging es um 09:00 Uhr mit 2 Bussen ab Marburg. Nach 240 km erreichten wir um ca. 12:30 Uhr Erfurt. Dort erkundeten wir den Weihnachtsmarkt, welcher sich \u00fcber den Domplatz hinaus erstreckt. Hier boten H\u00e4ndler alles an, was zum Advent und zum Weihnachtsfest geh\u00f6rt. Vor allem die bekannten Th\u00fcringer Spezialit\u00e4ten, wie das Erfurter Schittchen und die Th\u00fcringer Bratwurst, durften auf dem Weihnachtsmarkt nicht fehlen. Im Zentrum des Domplatzes stand der \u00fcber 20 Meter hohe, festlich geschm\u00fcckte Weihnachtsbaum. In unmittelbarer N\u00e4he war die Weihnachtskrippe mit 14 nahezu lebensgro\u00dfen Holzfiguren zu sehen. Weitere Attraktionen waren der Adventskranz auf den Domstufen und die zw\u00f6lf Meter hohe erzgebirgische Weihnachtspyramide.<br \/>Wer am Abend, der auf dem Petersberg liegenden Zitadelle einen Besuch abstattete, hatte bei leichtem Schneefall einen sch\u00f6nen Blick auf den verschneiten und beleuchteten Weihnachtsmarkt.<\/p>\n\n\n\n<p>Aber auch abseits des Weihnachtsmarktes lockten die verwinkelten Gassen in der historischen und gut erhaltenen Altstadt zur Erkundung. Dort luden auch weitere kleinere Weihnachtsm\u00e4rkte zum Verweilen ein.<\/p>\n\n\n\n<p>Um 18:00 Uhr traten wir frohgelaunt und noch begeistert von der Atmosph\u00e4re die R\u00fcckreise an und erreichten gegen 21:00 Uhr Marburg.<\/p>\n\n\n\n<p>&nbsp;<br \/>Bis zum n\u00e4chsten Ausflug und viele Gr\u00fc\u00dfe<br \/>Euer Vorstand der IGBCE Ortsgruppe Marburg<\/p>\n\n\n\n<figure class=\"wp-block-image\"><img loading=\"lazy\" decoding=\"async\" width=\"2400\" height=\"1795\" src=\"https:\/\/igbce-marburg.de\/wp-content\/uploads\/2023\/12\/Erfurt1_60.jpg\" alt=\"\" class=\"wp-image-2313\" srcset=\"https:\/\/igbce-marburg.de\/wp-content\/uploads\/2023\/12\/Erfurt1_60.jpg 2400w, https:\/\/igbce-marburg.de\/wp-content\/uploads\/2023\/12\/Erfurt1_60-300x224.jpg 300w, https:\/\/igbce-marburg.de\/wp-content\/uploads\/2023\/12\/Erfurt1_60-1024x766.jpg 1024w, https:\/\/igbce-marburg.de\/wp-content\/uploads\/2023\/12\/Erfurt1_60-768x574.jpg 768w, https:\/\/igbce-marburg.de\/wp-content\/uploads\/2023\/12\/Erfurt1_60-1536x1149.jpg 1536w, https:\/\/igbce-marburg.de\/wp-content\/uploads\/2023\/12\/Erfurt1_60-2048x1532.jpg 2048w\" sizes=\"auto, (max-width: 2400px) 100vw, 2400px\" \/><\/figure>\n","protected":false},"excerpt":{"rendered":"<p>2024 Ausflug zum Weihnachtsmarkt in Eisenach Am 07.Dezember 2024 um 10:00 Uhr startete die IGBCE Ortsgruppe Marburg mit zwei Bussen zum Ausflug nach Eisenach. Ziel war der 174. stimmungsvolle Eisenacher Weihnachtsmarkt, der sich quer \u00fcber die historische Altstadt erstreckt. Vom <a class=\"more-link\" href=\"https:\/\/igbce-marburg.de\/?page_id=2315\">weiterlesen  <span class=\"screen-reader-text\">  Ausfl\u00fcge zum Weihnachtsmarkt<\/span><span class=\"meta-nav\">&rarr;<\/span><\/a><\/p>\n","protected":false},"author":438,"featured_media":0,"parent":1136,"menu_order":2,"comment_status":"closed","ping_status":"closed","template":"","meta":{"footnotes":""},"class_list":["post-2315","page","type-page","status-publish","hentry"],"_links":{"self":[{"href":"https:\/\/igbce-marburg.de\/index.php?rest_route=\/wp\/v2\/pages\/2315","targetHints":{"allow":["GET"]}}],"collection":[{"href":"https:\/\/igbce-marburg.de\/index.php?rest_route=\/wp\/v2\/pages"}],"about":[{"href":"https:\/\/igbce-marburg.de\/index.php?rest_route=\/wp\/v2\/types\/page"}],"author":[{"embeddable":true,"href":"https:\/\/igbce-marburg.de\/index.php?rest_route=\/wp\/v2\/users\/438"}],"replies":[{"embeddable":true,"href":"https:\/\/igbce-marburg.de\/index.php?rest_route=%2Fwp%2Fv2%2Fcomments&post=2315"}],"version-history":[{"count":5,"href":"https:\/\/igbce-marburg.de\/index.php?rest_route=\/wp\/v2\/pages\/2315\/revisions"}],"predecessor-version":[{"id":2505,"href":"https:\/\/igbce-marburg.de\/index.php?rest_route=\/wp\/v2\/pages\/2315\/revisions\/2505"}],"up":[{"embeddable":true,"href":"https:\/\/igbce-marburg.de\/index.php?rest_route=\/wp\/v2\/pages\/1136"}],"wp:attachment":[{"href":"https:\/\/igbce-marburg.de\/index.php?rest_route=%2Fwp%2Fv2%2Fmedia&parent=2315"}],"curies":[{"name":"wp","href":"https:\/\/api.w.org\/{rel}","templated":true}]}}