
{"id":2397,"date":"2024-06-25T10:24:35","date_gmt":"2024-06-25T08:24:35","guid":{"rendered":"https:\/\/igbce-marburg.de\/?page_id=2397"},"modified":"2024-07-03T12:21:06","modified_gmt":"2024-07-03T10:21:06","slug":"harz-fahrt-2024","status":"publish","type":"page","link":"https:\/\/igbce-marburg.de\/?page_id=2397","title":{"rendered":"Harz-Fahrt 2024"},"content":{"rendered":"\n<h3 class=\"wp-block-heading\">Harz-Fahrt der IGBCE Ortsgruppe Marburg vom 07. bis 09.06.2024<\/h3>\n\n\n\n<h5 class=\"wp-block-heading\"><strong><em>1.Tag: Kyffh\u00e4userdenkmal und Stadtf\u00fchrung in Quedlinburg<\/em><\/strong><\/h5>\n\n\n\n<p>Bei sch\u00f6nem Wetter startete die IGBCE Ortsgruppe Marburg um 07:00 Uhr in Marburg zu ihrer 3-t\u00e4gigen Harz-Fahrt. Nach einer entspannten Fahrt erreichten wir unser erstes Ziel.<br \/>Das Kyffh\u00e4userdenkmal beeindruckte uns mit seiner Gr\u00f6\u00dfe und der faszinierenden Geschichte von Kaiser Barbarossa. Wir hatten ausreichend Zeit, das Gel\u00e4nde zu erkunden, die Aussicht zu genie\u00dfen und Fotos zu machen. Die historischen Erkl\u00e4rungen vor Ort halfen uns, die Bedeutung des Denkmals besser zu verstehen.<br \/>Nach einer St\u00e4rkung fuhren wir weiter nach Quedlinburg, eine malerische Stadt, die zum UNESCO-Weltkulturerbe geh\u00f6rt. Dort angekommen, begaben wir uns auf eine Stadtf\u00fchrung, die uns durch enge Gassen und vorbei an historischen Geb\u00e4uden f\u00fchrte. Unser Stadtf\u00fchrer erz\u00e4hlte lebhaft von der Geschichte der Stadt und zeigte uns Sehensw\u00fcrdigkeiten wie das Schloss und die Stiftskirche St. Servatius.<br \/>Nach dem Einchecken im \u201eHotel zum B\u00e4r\u201c, welches direkt in der Innenstadt am Markt gelegen ist, lie\u00dfen wir den Abend in einzelnen Gruppen in gem\u00fctlichen Restaurants ausklingen.<\/p>\n\n\n\n<figure class=\"wp-block-image size-full\"><a href=\"https:\/\/igbce-marburg.de\/wp-content\/uploads\/2024\/06\/Harz_2024_04.jpg\"><img loading=\"lazy\" decoding=\"async\" width=\"641\" height=\"475\" src=\"https:\/\/igbce-marburg.de\/wp-content\/uploads\/2024\/06\/Harz_2024_04.jpg\" alt=\"\" class=\"wp-image-2394\" srcset=\"https:\/\/igbce-marburg.de\/wp-content\/uploads\/2024\/06\/Harz_2024_04.jpg 641w, https:\/\/igbce-marburg.de\/wp-content\/uploads\/2024\/06\/Harz_2024_04-300x222.jpg 300w\" sizes=\"auto, (max-width: 641px) 100vw, 641px\" \/><\/a><\/figure>\n\n\n\n<h5 class=\"wp-block-heading\"><strong><em>2.Tag: Besichtigung der H\u00e4ngebr\u00fccke Titan und Wanderung von Treseburg nach Thale bzw. Besichtigung von Wernigerode<\/em><\/strong><\/h5>\n\n\n\n<p>Nach einem ausgiebigen Fr\u00fchst\u00fcck starteten wir mit dem Bus in das Rappbodetal zur H\u00e4ngebr\u00fccke Titan. Diese spannt sich mit einer Gesamtl\u00e4nge von 458,5 Metern \u00fcber das Bode-Staubecken. Die filigrane Seilkonstruktion wurde im Fr\u00fchjahr 2017 fertig gestellt. Der Laufsteg von 1,2 Meter Breite wird auf der ganzen L\u00e4nge von einem 1,3 Meter hohen Gel\u00e4nder ges\u00e4umt und ist seitlich durch Edelstahlnetze verschlossen. Die meisten der Kolleginnen und Kollegen lie\u00dfen sich dieses Spektakel nicht entgehen. Von der Br\u00fccke konnte man auch den mutigsten bei einem Gigaswing oder bei einer Fahrt mit der l\u00e4ngsten Doppelseilrutsche Europas zuschauen.<br \/>Am zweiten Teil des Tages konnte man w\u00e4hlen zwischen einer Stadtbesichtigung in Wernigerode oder einer Wanderung durch das untere Bodetal von Treseburg nach Thale.<\/p>\n\n\n\n<p><img loading=\"lazy\" decoding=\"async\" width=\"550\" height=\"412\" class=\"wp-image-2395\" style=\"width: 550px;\" src=\"https:\/\/igbce-marburg.de\/wp-content\/uploads\/2024\/06\/Harz_2024_01.jpg\" alt=\"\" srcset=\"https:\/\/igbce-marburg.de\/wp-content\/uploads\/2024\/06\/Harz_2024_01.jpg 800w, https:\/\/igbce-marburg.de\/wp-content\/uploads\/2024\/06\/Harz_2024_01-300x225.jpg 300w, https:\/\/igbce-marburg.de\/wp-content\/uploads\/2024\/06\/Harz_2024_01-768x575.jpg 768w\" sizes=\"auto, (max-width: 550px) 100vw, 550px\" \/><br \/>Wernigerode gilt als eine der sch\u00f6nsten St\u00e4dte Deutschlands. Die Altstadt zeichnet sich durch ihre Fachwerkh\u00e4user und den historischen Marktplatz aus. Hier verbrachte ein Teil der Gruppe den Nachmittag.<br \/>Der andere Teil der Gruppe machte sich auf die rund 9 Kilometer lange Wegstrecke von Treseburg bis zur Talstation der Seilbahn in Thale und f\u00fchrte uns durch den sch\u00f6nsten Teil des wild-romantischen Tales der Bode. Dieser \u00f6stlichste Abschnitt des Harzer Hexenstieges stellt einen der landschaftlich attraktivsten Wanderwege im Harz dar. Den Wegrand s\u00e4umen steile Felsklippen mit atemberaubenden Aussichten und ein urwald\u00e4hnlicher Mischwald. Hinzu gesellt sich der naturbelassene Flusslauf mit unz\u00e4hligen Stromschnellen und diversen kleinen Wasserf\u00e4llen.<br \/>Rund 7 Kilometer vom Ausgangspunkt der Wanderung entfernt erreichten wir den Bodekessel. Keiner lie\u00df sich hier den Blick in die brodelnde Tiefe entgehen. Anschlie\u00dfend \u00fcberquerten wir die Teufelsbr\u00fccke. Hier bestand noch die M\u00f6glichkeit den Rosstrappenfels zu erklimmen. Von dort hatte man eine sch\u00f6ne Aussicht auf den gegen\u00fcberliegenden Hexentanzplatz. Nach dem Abstieg trafen sich alle Wanderer wieder im Biergarten, welcher auf dem letzten Teil der Wanderung lag. Von dort war es nicht mehr weit bis nach Thale wo uns unser Bus mit den anderen Kolleginnen und Kollegen, welche von der Fahrt nach Wernigerode zur\u00fcckkamen, wieder aufnahmen.<br \/>Der Sp\u00e4tnachmittag und Abend in Quedlinburg standen zur freien Verf\u00fcgung.<\/p>\n\n\n\n<h5 class=\"wp-block-heading\"><strong><em>3.Tag: Besichtigung des Bergwerks Rammelsberg und Goslar<\/em><\/strong><\/h5>\n\n\n\n<p>Am dritten und letzten Tag unserer Reise stand die Besichtigung des ebenfalls zum UNESCO-Weltkulturerbe geh\u00f6renden Bergwerks Rammelsberg auf dem Programm.      <img loading=\"lazy\" decoding=\"async\" width=\"550\" height=\"412\" class=\"wp-image-2393\" style=\"width: 550px;\" src=\"https:\/\/igbce-marburg.de\/wp-content\/uploads\/2024\/06\/Harz_2024_03.jpg\" alt=\"\" srcset=\"https:\/\/igbce-marburg.de\/wp-content\/uploads\/2024\/06\/Harz_2024_03.jpg 800w, https:\/\/igbce-marburg.de\/wp-content\/uploads\/2024\/06\/Harz_2024_03-300x225.jpg 300w, https:\/\/igbce-marburg.de\/wp-content\/uploads\/2024\/06\/Harz_2024_03-768x575.jpg 768w\" sizes=\"auto, (max-width: 550px) 100vw, 550px\" \/> <\/p>\n\n\n\n<p>Das Weltkulturerbe beeindruckte uns mit seiner gut erhaltenen Bergwerksarchitektur und den informativen Ausstellungen. Eine F\u00fchrung durch das Bergwerk gab uns einen tiefen Einblick in die harten Arbeitsbedingungen und die Geschichte des Bergbaus in der Region. Besonders spannend war die Fahrt mit der Grubenbahn und der Besuch der unterirdischen Stollen.<br \/>Nach der Besichtigung des Bergwerks fuhren wir weiter nach Goslar. Die Stadt, ebenfalls ein UNESCO-Weltkulturerbe, bezauberte uns mit ihrem historischen Charme. Bei einem Rundgang durch die Altstadt bewunderten wir die gut erhaltenen Geb\u00e4ude und die beeindruckende Kaiserpfalz.<\/p>\n\n\n\n<p><img loading=\"lazy\" decoding=\"async\" width=\"500\" height=\"374\" class=\"wp-image-2396\" style=\"width: 500px;\" src=\"https:\/\/igbce-marburg.de\/wp-content\/uploads\/2024\/06\/Harz_2024_02.jpg\" alt=\"\" srcset=\"https:\/\/igbce-marburg.de\/wp-content\/uploads\/2024\/06\/Harz_2024_02.jpg 800w, https:\/\/igbce-marburg.de\/wp-content\/uploads\/2024\/06\/Harz_2024_02-300x225.jpg 300w, https:\/\/igbce-marburg.de\/wp-content\/uploads\/2024\/06\/Harz_2024_02-768x575.jpg 768w\" sizes=\"auto, (max-width: 500px) 100vw, 500px\" \/><br \/>Am sp\u00e4ten Nachmittag machten wir uns auf den R\u00fcckweg und kamen am Abend wieder in Marburg an. Die Reise war f\u00fcr alle Teilnehmer ein unvergessliches Erlebnis, gepr\u00e4gt von beeindruckenden Sehensw\u00fcrdigkeiten und interessanten Geschichten. Die Mischung aus Kultur, Geschichte und Natur konnte bei bestem Wetter nicht besser sein. Wir freuen uns schon auf das n\u00e4chste Abenteuer. <\/p>\n\n\n\n<p>Hierf\u00fcr gro\u00dfen Dank an den Kollegen Dieter Merte f\u00fcr die perfekte Planung.<\/p>\n\n\n\n<p>Bis zum n\u00e4chsten Ausflug und viele Gr\u00fc\u00dfe<br \/>Euer Vorstand der IGBCE Ortsgruppe Marburg<\/p>\n","protected":false},"excerpt":{"rendered":"<p>Harz-Fahrt der IGBCE Ortsgruppe Marburg vom 07. bis 09.06.2024 1.Tag: Kyffh\u00e4userdenkmal und Stadtf\u00fchrung in Quedlinburg Bei sch\u00f6nem Wetter startete die IGBCE Ortsgruppe Marburg um 07:00 Uhr in Marburg zu ihrer 3-t\u00e4gigen Harz-Fahrt. Nach einer entspannten Fahrt erreichten wir unser erstes <a class=\"more-link\" href=\"https:\/\/igbce-marburg.de\/?page_id=2397\">weiterlesen  <span class=\"screen-reader-text\">  Harz-Fahrt 2024<\/span><span class=\"meta-nav\">&rarr;<\/span><\/a><\/p>\n","protected":false},"author":438,"featured_media":0,"parent":1136,"menu_order":1,"comment_status":"closed","ping_status":"closed","template":"","meta":{"footnotes":""},"class_list":["post-2397","page","type-page","status-publish","hentry"],"_links":{"self":[{"href":"https:\/\/igbce-marburg.de\/index.php?rest_route=\/wp\/v2\/pages\/2397","targetHints":{"allow":["GET"]}}],"collection":[{"href":"https:\/\/igbce-marburg.de\/index.php?rest_route=\/wp\/v2\/pages"}],"about":[{"href":"https:\/\/igbce-marburg.de\/index.php?rest_route=\/wp\/v2\/types\/page"}],"author":[{"embeddable":true,"href":"https:\/\/igbce-marburg.de\/index.php?rest_route=\/wp\/v2\/users\/438"}],"replies":[{"embeddable":true,"href":"https:\/\/igbce-marburg.de\/index.php?rest_route=%2Fwp%2Fv2%2Fcomments&post=2397"}],"version-history":[{"count":7,"href":"https:\/\/igbce-marburg.de\/index.php?rest_route=\/wp\/v2\/pages\/2397\/revisions"}],"predecessor-version":[{"id":2414,"href":"https:\/\/igbce-marburg.de\/index.php?rest_route=\/wp\/v2\/pages\/2397\/revisions\/2414"}],"up":[{"embeddable":true,"href":"https:\/\/igbce-marburg.de\/index.php?rest_route=\/wp\/v2\/pages\/1136"}],"wp:attachment":[{"href":"https:\/\/igbce-marburg.de\/index.php?rest_route=%2Fwp%2Fv2%2Fmedia&parent=2397"}],"curies":[{"name":"wp","href":"https:\/\/api.w.org\/{rel}","templated":true}]}}