
{"id":2462,"date":"2025-01-05T10:02:56","date_gmt":"2025-01-05T09:02:56","guid":{"rendered":"https:\/\/igbce-marburg.de\/?page_id=2462"},"modified":"2025-12-07T10:51:16","modified_gmt":"2025-12-07T09:51:16","slug":"jubilarehrung-2024","status":"publish","type":"page","link":"https:\/\/igbce-marburg.de\/?page_id=2462","title":{"rendered":"Jubilarehrung 2025"},"content":{"rendered":"\n<p><strong>Jubilarehrung der gewerkschaftlichen Ortsgruppe Marburg<\/strong><\/p>\n\n\n\n<p class=\"has-text-align-left\">Am Samstag, den 22. November haben wir unsere Jubilare (2025) in der Pizzeria L\u00cdsoletta gefeiert.<\/p>\n\n\n\n<p class=\"has-text-align-left\">In diesem Rahmen haben wir 33 zu ehrende Mitglieder eingeladen und viele von Euch haben an der Veranstaltung teilnehmen k\u00f6nnen. Der Vorstand der IG BCE OG-Marburg gratuliert den langj\u00e4hrigen Gewerkschaftsmitgliedern und bedankt sich f\u00fcr die gemeinsame Zeit.<\/p>\n\n\n\n<p>Renate Wick (Vorsitzende) begr\u00fc\u00dfte die Anwesenden und gab einen kurzen R\u00fcckblick \u00fcber die bereits durchgef\u00fchrten Veranstaltungen sowie einen Ausblick auf die geplanten Veranstaltungen der Ortsgruppe Marburg f\u00fcr 2025.<\/p>\n\n\n\n<p>Als Gastsprecher waren Alexander Wiesbach (Gewerkschaftssekret\u00e4r IG BCE Mittelhessen) und Ulf Immel (DHB-Hessen-Th\u00fcringen) anwesend, diese sprachen \u00fcber aktuelle gesellschaftliche Themen und welche Rolle hierbei die Gewerkschaft hat.<\/p>\n\n\n\n<p>Zur Unterhaltung konnten wir den <strong>Geschichten von Andrea C. Ortolano<\/strong> lauschen, es war einfach gro\u00dfartig.<\/p>\n\n\n\n<p><\/p>\n\n\n\n<p class=\"has-text-align-center has-normal-font-size\"><strong><em>Der Vorstand der IGBCE-Ortsgruppe Marburg w\u00fcnscht allen einen guten Start ins neue Jahr 2026<\/em><\/strong><\/p>\n","protected":false},"excerpt":{"rendered":"<p>Jubilarehrung der gewerkschaftlichen Ortsgruppe Marburg Am Samstag, den 22. November haben wir unsere Jubilare (2025) in der Pizzeria L\u00cdsoletta gefeiert. In diesem Rahmen haben wir 33 zu ehrende Mitglieder eingeladen und viele von Euch haben an der Veranstaltung teilnehmen k\u00f6nnen. <a class=\"more-link\" href=\"https:\/\/igbce-marburg.de\/?page_id=2462\">weiterlesen  <span class=\"screen-reader-text\">  Jubilarehrung 2025<\/span><span class=\"meta-nav\">&rarr;<\/span><\/a><\/p>\n","protected":false},"author":438,"featured_media":0,"parent":569,"menu_order":1,"comment_status":"closed","ping_status":"closed","template":"","meta":{"footnotes":""},"class_list":["post-2462","page","type-page","status-publish","hentry"],"_links":{"self":[{"href":"https:\/\/igbce-marburg.de\/index.php?rest_route=\/wp\/v2\/pages\/2462","targetHints":{"allow":["GET"]}}],"collection":[{"href":"https:\/\/igbce-marburg.de\/index.php?rest_route=\/wp\/v2\/pages"}],"about":[{"href":"https:\/\/igbce-marburg.de\/index.php?rest_route=\/wp\/v2\/types\/page"}],"author":[{"embeddable":true,"href":"https:\/\/igbce-marburg.de\/index.php?rest_route=\/wp\/v2\/users\/438"}],"replies":[{"embeddable":true,"href":"https:\/\/igbce-marburg.de\/index.php?rest_route=%2Fwp%2Fv2%2Fcomments&post=2462"}],"version-history":[{"count":5,"href":"https:\/\/igbce-marburg.de\/index.php?rest_route=\/wp\/v2\/pages\/2462\/revisions"}],"predecessor-version":[{"id":2742,"href":"https:\/\/igbce-marburg.de\/index.php?rest_route=\/wp\/v2\/pages\/2462\/revisions\/2742"}],"up":[{"embeddable":true,"href":"https:\/\/igbce-marburg.de\/index.php?rest_route=\/wp\/v2\/pages\/569"}],"wp:attachment":[{"href":"https:\/\/igbce-marburg.de\/index.php?rest_route=%2Fwp%2Fv2%2Fmedia&parent=2462"}],"curies":[{"name":"wp","href":"https:\/\/api.w.org\/{rel}","templated":true}]}}