
{"id":422,"date":"2013-03-29T16:45:15","date_gmt":"2013-03-29T15:45:15","guid":{"rendered":"http:\/\/test.igbce-marburg.de\/?page_id=422"},"modified":"2025-06-26T12:14:18","modified_gmt":"2025-06-26T10:14:18","slug":"igbce-bezirk-mittelhessen","status":"publish","type":"page","link":"https:\/\/igbce-marburg.de\/?page_id=422","title":{"rendered":"IGBCE-Bezirk Mittelhessen"},"content":{"rendered":"<div class=\"row align-items-center introtext-module__row\">\n<div class=\"col-12 col-md-7 order-md-2\">\n<div class=\"introtext-module__text rtf\">\n<p>Der IG BCE Landesbezirk Hessen-Th\u00fcringen ist zusammen mit seinen f\u00fcnf Bezirken Darmstadt, Kassel, Mittelhessen, Rhein-Main und\u00a0Th\u00fcringen zust\u00e4ndig f\u00fcr die Betriebe aus den Bereichen Chemie, Kunststoff, Glas, Papier, Feinkeramik, Kautschuk, Leder, Kali- und Steinsalz, Umwelt\/Entsorgung, Erd\u00f6l-\/Erdgasgewinnung, Schleifmittel, Bergbau, sonstige Rohstoffe und Dienstleistungen.<\/p>\n<\/div>\n<div class=\"introtext-module__person-d introtext-module__person-d--in\"><span class=\"introtext-module__icon-text\"><img loading=\"lazy\" decoding=\"async\" class=\"\" src=\"https:\/\/igbce.de\/resource\/image\/172928\/portrait_ratio1x1\/334\/334\/f2c07f4cfd5389bf298ba64f975366e7\/1F8BC89F8ECFB66613A880479C825F21\/sabine-suepke-altes-foto2.jpg\" alt=\" Sabine S\u00fcpke\" width=\"103\" height=\"103\" \/> Sabine S\u00fcpke, Leiterin Landesbezirks Hessen-Th\u00fcringen<\/span><\/div>\n<\/div>\n<\/div>\n<div><\/div>\n<div class=\"row align-items-center introtext-module__row\">\n<div class=\"col-12 col-md-7 order-md-2\"><a href=\"https:\/\/igbce-marburg.de\/wp-content\/uploads\/2025\/06\/anne-weinschenk.jpg\"><img loading=\"lazy\" decoding=\"async\" class=\"alignnone  wp-image-2682\" src=\"https:\/\/igbce-marburg.de\/wp-content\/uploads\/2025\/06\/anne-weinschenk-300x300.jpg\" alt=\"\" width=\"104\" height=\"104\" srcset=\"https:\/\/igbce-marburg.de\/wp-content\/uploads\/2025\/06\/anne-weinschenk-300x300.jpg 300w, https:\/\/igbce-marburg.de\/wp-content\/uploads\/2025\/06\/anne-weinschenk-150x150.jpg 150w, https:\/\/igbce-marburg.de\/wp-content\/uploads\/2025\/06\/anne-weinschenk.jpg 334w\" sizes=\"auto, (max-width: 104px) 100vw, 104px\" \/><\/a><span style=\"font-size: 15px; font-weight: 300;\">Anne Weinschenk, Bezirksleiterin<\/span><\/div>\n<div><\/div>\n<div><a href=\"https:\/\/igbce-marburg.de\/wp-content\/uploads\/2025\/06\/Alex.jpg\"><img loading=\"lazy\" decoding=\"async\" class=\"alignnone  wp-image-2680\" src=\"https:\/\/igbce-marburg.de\/wp-content\/uploads\/2025\/06\/Alex.jpg\" alt=\"\" width=\"109\" height=\"100\" \/><span style=\"font-size: 15px; font-weight: 300; color: #373737;\">Alexander Wiesbach, Stellvertretender Bezirksleiter<\/span><\/a><\/div>\n<\/div>\n<div><\/div>\n<div><a href=\"https:\/\/igbce-marburg.de\/wp-content\/uploads\/2025\/06\/Astrid.jpg\"><img loading=\"lazy\" decoding=\"async\" class=\"alignnone  wp-image-2681\" src=\"https:\/\/igbce-marburg.de\/wp-content\/uploads\/2025\/06\/Astrid.jpg\" alt=\"\" width=\"107\" height=\"107\" srcset=\"https:\/\/igbce-marburg.de\/wp-content\/uploads\/2025\/06\/Astrid.jpg 241w, https:\/\/igbce-marburg.de\/wp-content\/uploads\/2025\/06\/Astrid-150x150.jpg 150w\" sizes=\"auto, (max-width: 107px) 100vw, 107px\" \/><span style=\"font-size: 15px; font-weight: 300; color: #373737;\">Astrid Rasner, Gewerkschaftssekret\u00e4rin und Frauenbildung<\/span><br \/>\n<\/a><\/div>\n<div><\/div>\n<div><\/div>\n<h2><\/h2>\n<h2>Tarifrunde Chemie: \u201eWir sind bereit, zu k\u00e4mpfen!\u201c<\/h2>\n<p>\u00dcber 800 IGBCE-Mitglieder machten sich am Dienstag, 18. Juni, in den Chemieparks\u00a0<mark>Marburg<\/mark>\u00a0&#8211; Behringwerke und Hanau &#8211; Wolfgang, stark f\u00fcr die Tarifforderungen der IGBCE in der aktuellen Chemie-Runde. Mit Demonstrationen sowie Kundgebungen haben die Gewerkschafter*innen ihre Erwartungen an die Arbeitgeber zur 3. Bundesverhandlung in Bad Breisig, klar zum Ausdruck gebracht.<\/p>\n<p><a href=\"https:\/\/igbce-marburg.de\/wp-content\/uploads\/2025\/06\/foto-tarifaktion-marburg-18-06-2024-1.jpg\"><img loading=\"lazy\" decoding=\"async\" class=\"alignnone  wp-image-2683\" src=\"https:\/\/igbce-marburg.de\/wp-content\/uploads\/2025\/06\/foto-tarifaktion-marburg-18-06-2024-1-300x169.jpg\" alt=\"\" width=\"327\" height=\"188\" \/><\/a><!--more--><\/p>\n","protected":false},"excerpt":{"rendered":"<p>Der IG BCE Landesbezirk Hessen-Th\u00fcringen ist zusammen mit seinen f\u00fcnf Bezirken Darmstadt, Kassel, Mittelhessen, Rhein-Main und\u00a0Th\u00fcringen zust\u00e4ndig f\u00fcr die Betriebe aus den Bereichen Chemie, Kunststoff, Glas, Papier, Feinkeramik, Kautschuk, Leder, Kali- und Steinsalz, Umwelt\/Entsorgung, Erd\u00f6l-\/Erdgasgewinnung, Schleifmittel, Bergbau, sonstige Rohstoffe und <a class=\"more-link\" href=\"https:\/\/igbce-marburg.de\/?page_id=422\">weiterlesen  <span class=\"screen-reader-text\">  IGBCE-Bezirk Mittelhessen<\/span><span class=\"meta-nav\">&rarr;<\/span><\/a><\/p>\n","protected":false},"author":9,"featured_media":1097,"parent":0,"menu_order":2,"comment_status":"open","ping_status":"closed","template":"","meta":{"footnotes":""},"class_list":["post-422","page","type-page","status-publish","has-post-thumbnail","hentry"],"_links":{"self":[{"href":"https:\/\/igbce-marburg.de\/index.php?rest_route=\/wp\/v2\/pages\/422","targetHints":{"allow":["GET"]}}],"collection":[{"href":"https:\/\/igbce-marburg.de\/index.php?rest_route=\/wp\/v2\/pages"}],"about":[{"href":"https:\/\/igbce-marburg.de\/index.php?rest_route=\/wp\/v2\/types\/page"}],"author":[{"embeddable":true,"href":"https:\/\/igbce-marburg.de\/index.php?rest_route=\/wp\/v2\/users\/9"}],"replies":[{"embeddable":true,"href":"https:\/\/igbce-marburg.de\/index.php?rest_route=%2Fwp%2Fv2%2Fcomments&post=422"}],"version-history":[{"count":22,"href":"https:\/\/igbce-marburg.de\/index.php?rest_route=\/wp\/v2\/pages\/422\/revisions"}],"predecessor-version":[{"id":2686,"href":"https:\/\/igbce-marburg.de\/index.php?rest_route=\/wp\/v2\/pages\/422\/revisions\/2686"}],"wp:featuredmedia":[{"embeddable":true,"href":"https:\/\/igbce-marburg.de\/index.php?rest_route=\/wp\/v2\/media\/1097"}],"wp:attachment":[{"href":"https:\/\/igbce-marburg.de\/index.php?rest_route=%2Fwp%2Fv2%2Fmedia&parent=422"}],"curies":[{"name":"wp","href":"https:\/\/api.w.org\/{rel}","templated":true}]}}